{"id":60,"date":"2025-12-21T19:49:01","date_gmt":"2025-12-21T18:49:01","guid":{"rendered":"https:\/\/urholstein.de\/2025\/?page_id=60"},"modified":"2025-12-29T09:01:56","modified_gmt":"2025-12-29T08:01:56","slug":"aktuelles","status":"publish","type":"page","link":"https:\/\/urholstein.de\/index.php\/aktuelles\/","title":{"rendered":"Neuigkeiten"},"content":{"rendered":"\n<h3 class=\"wp-block-heading\">Neuaufbau<\/h3>\n\n\n\n<p class=\"has-text-align-left\">Wer\u00adte Le\u017fer\u017fchaft!<br>Durch Angrif\u00adfe \u017fch\u00e4nd\u00adli\u00adcher Ge\u017ftal\u00adten wur\u00adde es lei\u00adder not\u00adwen\u00addig die kom\u00adplet\u00adte Netz\u00adpr\u00e4\u017fenz neu auf\u00adzu\u00ad\u017fet\u00adzen. Auf\u00adgrund des fort\u00adge\u017fchrit\u00adte\u00adnen Alters der Grun\u00add\u017ftruk\u00adtur, gab es dabei erheb\u00adli\u00adche Hin\u00adder\u00adni\u017f\u017fe, \u017fo da\u017fs \u017fel\u00adbi\u00adge kom\u00adplett neu auf\u00adge\u00adbaut wer\u00adden mu\u017f\u017fte. <\/p>\n\n\n\n<p class=\"has-text-align-left\">Die Netz\u00adpr\u00e4\u017fenz ist aktu\u00adell grun\u00add\u017f\u00e4tz\u00adlich wie\u00adder in vol\u00adlem Umfang erreich\u00adbar, es \u017foll\u00adten ledig\u00adlich klei\u00adne Ober\u00adfl\u00e4\u00adchen\u00adan\u00adpa\u017f\u017fun\u00adgen durch\u00adge\u00adf\u00fchrt wer\u00adden m\u00fc\u017f\u017fen. Soll\u00adte Sie das in Ihrer Be\u017fuchs\u00ader\u00adfah\u00adrung ein\u017fchr\u00e4n\u00adken, m\u00f6ch\u00adte ich mich auf\u00adrich\u00adtig bei Ihnen ent\u017fchul\u00addi\u00adgen.<\/p>\n\n\n\n<h3 class=\"wp-block-heading\">Disku\u017f\u017fionsforum<\/h3>\n\n\n\n<p>Um den Neu\u00adauf\u00adbau po\u017fi\u00adtiv Nut\u00adzen zu k\u00f6n\u00adnen, wur\u00adde zudem er\u017ft\u00admals ein Dis\u00adku\u017f\u017fi\u00adons\u00adfo\u00adrum imple\u00admen\u00adtiert, das den Be\u017fu\u00adchern der Sei\u00adte zum Aus\u00adtau\u017fch von Wi\u017f\u017fen und Hil\u00adfe die\u00adnen \u017foll. <br>Ich w\u00fcr\u00adde mich geehrt f\u00fch\u00adlen, Ihre Mit\u00adglie\u00add\u017fchaft in die\u017fem Forum ver\u00adzeich\u00adnen zu d\u00fcr\u00adfen. Auf gute Zu\u017fam\u00admen\u00adar\u00adbeit!<\/p>\n\n\n\n<h3 class=\"wp-block-heading\">Facebook-Boykott<\/h3>\n\n\n\n<p>Lei\u00adder i\u017ft es zuletzt zu un\u017fch\u00f6\u00adnen und unge\u00adrech\u00adten Ent\u017fchei\u00addun\u00adgen der Platt\u00adform \u201cFace\u00adbook\u201d gegen\u00ad\u00fcber mei\u00adner Per\u017fon gekom\u00admen. Au\u00dfer\u00addem i\u017ft es durch zuneh\u00admen\u00adde Ha\u017fs\u00adkom\u00admen\u00adta\u00adre, der dort anwe\u017fen\u00adden Nut\u00adzer, nicht mehr zu ertra\u00adgen. Die Platt\u00adform unter\u017ft\u00fctzt durch ihre Ver\u00adhal\u00adtens\u00adpo\u00adli\u00adtik die Aus\u00adbrei\u00adtung des Ha\u017f\u017fes und unter\u00addr\u00fcckt die Mei\u00adnun\u00adgen der\u00adje\u00adni\u00adgen, die \u017fich dem ent\u00adge\u00adgen\u017ftel\u00adlen zu \u017fuchen. Daher habe ich mich dazu ent\u017fch\u00adlo\u017f\u017fen mein Kon\u00adto zu l\u00f6\u017fchen, und nicht mehr mit die\u017fer Platt\u00adform zu arbei\u00adten.<\/p>\n\n\n<div class=\"wp-block-image\">\n<figure class=\"aligncenter size-full\"><img loading=\"lazy\" decoding=\"async\" width=\"190\" height=\"28\" src=\"https:\/\/urholstein.de\/wp-content\/uploads\/2025\/12\/divider2.png\" alt class=\"wp-image-10\"><\/figure>\n<\/div>\n\n\n<p><\/p>\n","protected":false},"excerpt":{"rendered":"Neu\u00adauf\u00adbau Wer\u00adte Le\u017fer\u017fchaft!Durch Angrif\u00adfe \u017fch\u00e4nd\u00adli\u00adcher Ge\u017ftal\u00adten wur\u00adde es lei\u00adder not\u00adwen\u00addig die kom\u00adplet\u00adte Netz\u00adpr\u00e4\u017fenz neu auf\u00adzu\u00ad\u017fet\u00adzen. Auf\u00adgrund des fort\u00adge\u017fchrit\u00adte\u00adnen Alters der Grun\u00add\u017ftruk\u00adtur, gab es dabei erheb\u00adli\u00adche Hin\u00adder\u00adni\u017f\u017fe, \u017fo da\u017fs \u017fel\u00adbi\u00adge kom\u00adplett neu auf\u00adge\u00adbaut wer\u00adden mu\u017f\u017fte. Die Netz\u00adpr\u00e4\u017fenz ist aktu\u00adell grun\u00add\u017f\u00e4tz\u00adlich wie\u00adder in vol\u00adlem Umfang erreich\u00adbar, es \u017foll\u00adten ledig\u00adlich klei\u00adne Ober\u00adfl\u00e4\u00adchen\u00adan\u00adpa\u017f\u017fun\u00adgen durch\u00adge\u00adf\u00fchrt wer\u00adden m\u00fc\u017f\u017fen. Soll\u00adte Sie das<a href=\"https:\/\/urholstein.de\/index.php\/aktuelles\/\"> \u2248wei\u00adter\u00adle\u017fen\u2248 <\/a>","protected":false},"author":1,"featured_media":0,"parent":0,"menu_order":0,"comment_status":"closed","ping_status":"closed","template":"","meta":{"wp_typography_post_enhancements_disabled":false,"footnotes":""},"class_list":["post-60","page","type-page","status-publish","hentry"],"yoast_head":"<!-- This site is optimized with the Yoast SEO plugin v26.6 - https:\/\/yoast.com\/wordpress\/plugins\/seo\/ -->\n<title>Neuigkeiten - Urhol\u017ftein Wochenblatt<\/title>\n<meta name=\"robots\" content=\"index, follow, max-snippet:-1, max-image-preview:large, max-video-preview:-1\" \/>\n<link rel=\"canonical\" href=\"https:\/\/urholstein.de\/index.php\/aktuelles\/\" \/>\n<meta property=\"og:locale\" content=\"de_DE\" \/>\n<meta property=\"og:type\" content=\"article\" \/>\n<meta property=\"og:title\" content=\"Neuigkeiten - Urhol\u017ftein Wochenblatt\" \/>\n<meta property=\"og:description\" content=\"Neuaufbau Wer\u00adte Le\u017fer\u017fchaft!Durch Angrif\u00adfe \u017fch\u00e4nd\u00adli\u00adcher Ge\u017ftal\u00adten wur\u00adde es lei\u00adder not\u00adwen\u00addig die kom\u00adplet\u00adte Netz\u00adpr\u00e4\u017fenz neu auf\u00adzu\u00ad\u017fet\u00adzen. Auf\u00adgrund des fort\u00adge\u017fchrit\u00adte\u00adnen Alters der Grun\u00add\u017ftruk\u00adtur, gab es dabei erheb\u00adli\u00adche Hin\u00adder\u00adni\u017f\u017fe, \u017fo da\u017fs \u017fel\u00adbi\u00adge kom\u00adplett neu auf\u00adge\u00adbaut wer\u00adden mu\u017f\u017fte. Die Netz\u00adpr\u00e4\u017fenz ist aktu\u00adell grun\u00add\u017f\u00e4tz\u00adlich wie\u00adder in vol\u00adlem Umfang erreich\u00adbar, es \u017foll\u00adten ledig\u00adlich klei\u00adne Ober\u00adfl\u00e4\u00adchen\u00adan\u00adpa\u017f\u017fun\u00adgen durch\u00adge\u00adf\u00fchrt wer\u00adden m\u00fc\u017f\u017fen. Soll\u00adte Sie das\" \/>\n<meta property=\"og:url\" content=\"https:\/\/urholstein.de\/index.php\/aktuelles\/\" \/>\n<meta property=\"og:site_name\" content=\"Urhol\u017ftein Wochenblatt\" \/>\n<meta property=\"article:modified_time\" content=\"2025-12-29T08:01:56+00:00\" \/>\n<meta property=\"og:image\" content=\"https:\/\/urholstein.de\/wp-content\/uploads\/2025\/12\/divider2.png\" \/>\n\t<meta property=\"og:image:width\" content=\"190\" \/>\n\t<meta property=\"og:image:height\" content=\"28\" \/>\n\t<meta property=\"og:image:type\" content=\"image\/png\" \/>\n<meta name=\"twitter:card\" content=\"summary_large_image\" \/>\n<meta name=\"twitter:label1\" content=\"Gesch\u00e4tzte Lesezeit\" \/>\n\t<meta name=\"twitter:data1\" content=\"2 minutes\" \/>\n<script type=\"application\/ld+json\" class=\"yoast-schema-graph\">{\"@context\":\"https:\/\/schema.org\",\"@graph\":[{\"@type\":\"WebPage\",\"@id\":\"https:\/\/urholstein.de\/index.php\/aktuelles\/\",\"url\":\"https:\/\/urholstein.de\/index.php\/aktuelles\/\",\"name\":\"Neuigkeiten - Urhol\u017ftein Wochenblatt\",\"isPartOf\":{\"@id\":\"https:\/\/urholstein.de\/#website\"},\"primaryImageOfPage\":{\"@id\":\"https:\/\/urholstein.de\/index.php\/aktuelles\/#primaryimage\"},\"image\":{\"@id\":\"https:\/\/urholstein.de\/index.php\/aktuelles\/#primaryimage\"},\"thumbnailUrl\":\"https:\/\/urholstein.de\/wp-content\/uploads\/2025\/12\/divider2.png\",\"datePublished\":\"2025-12-21T18:49:01+00:00\",\"dateModified\":\"2025-12-29T08:01:56+00:00\",\"breadcrumb\":{\"@id\":\"https:\/\/urholstein.de\/index.php\/aktuelles\/#breadcrumb\"},\"inLanguage\":\"de-UW\",\"potentialAction\":[{\"@type\":\"ReadAction\",\"target\":[\"https:\/\/urholstein.de\/index.php\/aktuelles\/\"]}]},{\"@type\":\"ImageObject\",\"inLanguage\":\"de-UW\",\"@id\":\"https:\/\/urholstein.de\/index.php\/aktuelles\/#primaryimage\",\"url\":\"https:\/\/urholstein.de\/wp-content\/uploads\/2025\/12\/divider2.png\",\"contentUrl\":\"https:\/\/urholstein.de\/wp-content\/uploads\/2025\/12\/divider2.png\",\"width\":190,\"height\":28},{\"@type\":\"BreadcrumbList\",\"@id\":\"https:\/\/urholstein.de\/index.php\/aktuelles\/#breadcrumb\",\"itemListElement\":[{\"@type\":\"ListItem\",\"position\":1,\"name\":\"Urholstein\",\"item\":\"https:\/\/urholstein.de\/\"},{\"@type\":\"ListItem\",\"position\":2,\"name\":\"Neuigkeiten\"}]},{\"@type\":\"WebSite\",\"@id\":\"https:\/\/urholstein.de\/#website\",\"url\":\"https:\/\/urholstein.de\/\",\"name\":\"Urhol\u017ftein Wochenblatt\",\"description\":\"\",\"potentialAction\":[{\"@type\":\"SearchAction\",\"target\":{\"@type\":\"EntryPoint\",\"urlTemplate\":\"https:\/\/urholstein.de\/?s={search_term_string}\"},\"query-input\":{\"@type\":\"PropertyValueSpecification\",\"valueRequired\":true,\"valueName\":\"search_term_string\"}}],\"inLanguage\":\"de-UW\"}]}<\/script>\n<!-- \/ Yoast SEO plugin. -->","yoast_head_json":{"title":"Neuigkeiten - Urhol\u017ftein Wochenblatt","robots":{"index":"index","follow":"follow","max-snippet":"max-snippet:-1","max-image-preview":"max-image-preview:large","max-video-preview":"max-video-preview:-1"},"canonical":"https:\/\/urholstein.de\/index.php\/aktuelles\/","og_locale":"de_DE","og_type":"article","og_title":"Neuigkeiten - Urhol\u017ftein Wochenblatt","og_description":"Neuaufbau Wer\u00adte Le\u017fer\u017fchaft!Durch Angrif\u00adfe \u017fch\u00e4nd\u00adli\u00adcher Ge\u017ftal\u00adten wur\u00adde es lei\u00adder not\u00adwen\u00addig die kom\u00adplet\u00adte Netz\u00adpr\u00e4\u017fenz neu auf\u00adzu\u00ad\u017fet\u00adzen. Auf\u00adgrund des fort\u00adge\u017fchrit\u00adte\u00adnen Alters der Grun\u00add\u017ftruk\u00adtur, gab es dabei erheb\u00adli\u00adche Hin\u00adder\u00adni\u017f\u017fe, \u017fo da\u017fs \u017fel\u00adbi\u00adge kom\u00adplett neu auf\u00adge\u00adbaut wer\u00adden mu\u017f\u017fte. Die Netz\u00adpr\u00e4\u017fenz ist aktu\u00adell grun\u00add\u017f\u00e4tz\u00adlich wie\u00adder in vol\u00adlem Umfang erreich\u00adbar, es \u017foll\u00adten ledig\u00adlich klei\u00adne Ober\u00adfl\u00e4\u00adchen\u00adan\u00adpa\u017f\u017fun\u00adgen durch\u00adge\u00adf\u00fchrt wer\u00adden m\u00fc\u017f\u017fen. Soll\u00adte Sie das","og_url":"https:\/\/urholstein.de\/index.php\/aktuelles\/","og_site_name":"Urhol\u017ftein Wochenblatt","article_modified_time":"2025-12-29T08:01:56+00:00","og_image":[{"width":190,"height":28,"url":"https:\/\/urholstein.de\/wp-content\/uploads\/2025\/12\/divider2.png","type":"image\/png"}],"twitter_card":"summary_large_image","twitter_misc":{"Gesch\u00e4tzte Lesezeit":"2 minutes"},"schema":{"@context":"https:\/\/schema.org","@graph":[{"@type":"WebPage","@id":"https:\/\/urholstein.de\/index.php\/aktuelles\/","url":"https:\/\/urholstein.de\/index.php\/aktuelles\/","name":"Neuigkeiten - Urhol\u017ftein Wochenblatt","isPartOf":{"@id":"https:\/\/urholstein.de\/#website"},"primaryImageOfPage":{"@id":"https:\/\/urholstein.de\/index.php\/aktuelles\/#primaryimage"},"image":{"@id":"https:\/\/urholstein.de\/index.php\/aktuelles\/#primaryimage"},"thumbnailUrl":"https:\/\/urholstein.de\/wp-content\/uploads\/2025\/12\/divider2.png","datePublished":"2025-12-21T18:49:01+00:00","dateModified":"2025-12-29T08:01:56+00:00","breadcrumb":{"@id":"https:\/\/urholstein.de\/index.php\/aktuelles\/#breadcrumb"},"inLanguage":"de-UW","potentialAction":[{"@type":"ReadAction","target":["https:\/\/urholstein.de\/index.php\/aktuelles\/"]}]},{"@type":"ImageObject","inLanguage":"de-UW","@id":"https:\/\/urholstein.de\/index.php\/aktuelles\/#primaryimage","url":"https:\/\/urholstein.de\/wp-content\/uploads\/2025\/12\/divider2.png","contentUrl":"https:\/\/urholstein.de\/wp-content\/uploads\/2025\/12\/divider2.png","width":190,"height":28},{"@type":"BreadcrumbList","@id":"https:\/\/urholstein.de\/index.php\/aktuelles\/#breadcrumb","itemListElement":[{"@type":"ListItem","position":1,"name":"Urholstein","item":"https:\/\/urholstein.de\/"},{"@type":"ListItem","position":2,"name":"Neuigkeiten"}]},{"@type":"WebSite","@id":"https:\/\/urholstein.de\/#website","url":"https:\/\/urholstein.de\/","name":"Urhol\u017ftein Wochenblatt","description":"","potentialAction":[{"@type":"SearchAction","target":{"@type":"EntryPoint","urlTemplate":"https:\/\/urholstein.de\/?s={search_term_string}"},"query-input":{"@type":"PropertyValueSpecification","valueRequired":true,"valueName":"search_term_string"}}],"inLanguage":"de-UW"}]}},"_links":{"self":[{"href":"https:\/\/urholstein.de\/index.php\/wp-json\/wp\/v2\/pages\/60","targetHints":{"allow":["GET"]}}],"collection":[{"href":"https:\/\/urholstein.de\/index.php\/wp-json\/wp\/v2\/pages"}],"about":[{"href":"https:\/\/urholstein.de\/index.php\/wp-json\/wp\/v2\/types\/page"}],"author":[{"embeddable":true,"href":"https:\/\/urholstein.de\/index.php\/wp-json\/wp\/v2\/users\/1"}],"replies":[{"embeddable":true,"href":"https:\/\/urholstein.de\/index.php\/wp-json\/wp\/v2\/comments?post=60"}],"version-history":[{"count":8,"href":"https:\/\/urholstein.de\/index.php\/wp-json\/wp\/v2\/pages\/60\/revisions"}],"predecessor-version":[{"id":6269,"href":"https:\/\/urholstein.de\/index.php\/wp-json\/wp\/v2\/pages\/60\/revisions\/6269"}],"wp:attachment":[{"href":"https:\/\/urholstein.de\/index.php\/wp-json\/wp\/v2\/media?parent=60"}],"curies":[{"name":"wp","href":"https:\/\/api.w.org\/{rel}","templated":true}]}}