{"id":8,"date":"2025-12-21T17:52:59","date_gmt":"2025-12-21T16:52:59","guid":{"rendered":"https:\/\/urholstein.de\/2025\/?page_id=8"},"modified":"2025-12-21T17:52:59","modified_gmt":"2025-12-21T16:52:59","slug":"auskunft-und-redaktion","status":"publish","type":"page","link":"https:\/\/urholstein.de\/index.php\/auskunft-und-redaktion\/","title":{"rendered":"Auskunft und Redaktion"},"content":{"rendered":"\n<h3 class=\"wp-block-heading\">Ergebenen Gru\u00df an meine treue und ju\u017ft dazuge\u017fto\u00dfene Le\u017fer\u017fchaft!<\/h3>\n\n\n\n<p>Ich m\u00f6ch\u00adte Sie gn\u00e4\u00addi\u00adg\u017ft Will\u00adkom\u00admen hei\u00ad\u00dfen beim Urhol\u017ftein Wochen\u00adblatt, wel\u00adches bereits&nbsp;im Jah\u00adre 2014 er\u017ft\u00adma\u00adlig ins inter\u00adna\u00adtio\u00adna\u00adle Netz ging.<br>Es \u017foll Ihnen ein Quell der Infor\u00adma\u00adti\u00adon und Unter\u00adhal\u00adtung \u017fein, wel\u00adches das Leben um 1860\u20131900 zum Haupt\u00adthe\u00adma hat.<br>Ent\u017ftan\u00adden aus einer jahr\u00adzehn\u00adte\u00adlan\u00adgen Lei\u00adden\u017fchaft, die mit dem Sam\u00admeln anti\u00adqua\u00adri\u017fcher B\u00fccher begann, ent\u00adf\u00fch\u00adre ich Sie in ein Leben ohne Mobil\u00adte\u00adle\u00adfo\u00adne, ohne Inter\u00adnet, ohne Autos, Mikro\u00adwel\u00adlen und Stau\u00adb\u017fau\u00adger.<\/p>\n<h3><br>Zu meiner Per\u017fon<\/h3>\n<p>Mein Name i\u017ft Chri\u017fti\u00adne von Me\u017fek-Sikor\u017fki; oder kurz \u2014 Chri\u017fti\u00adne von Me\u017fek. Ich bin die Erfin\u00adde\u00adrin und Autorin des Urhol\u017ftein Wochen\u00adblat\u00adtes.<\/p>\n\n\n\n<p>Da ich \u017feit fr\u00fc\u00adhen Jah\u00adren an ver\u00adgan\u00adge\u00adnen Zeit\u00adepo\u00adchen gro\u00ad\u00dfes Inte\u00adre\u017f\u017fe zeig\u00adte, und \u017fich mit for\u00adt\u017fchrei\u00adten\u00addem Jugend\u00adal\u00adter mein Inte\u00adre\u017f\u017fe f\u00fcr eini\u00adge weni\u00adge Epo\u00adchen inten\u017fi\u00advier\u00adte, be\u017fch\u00adlo\u017fs ich, mein nahe\u00adzu g\u00e4nz\u00adli\u00adches Leben und Wal\u00adten in eine mei\u00adner Lieb\u00adlings\u00adzeit\u00adal\u00adter zu ver\u00adle\u00adgen. Was im Genau\u00aden bedeu\u00adtet, da\u00df ich in der heu\u00adti\u00adgen, moder\u00adnen Zeit ver\u00ad\u017fu\u00adche zu leben, wie vor mehr als 100 Jah\u00adren. Da dies, wie Sie \u017fich bereits den\u00adken wer\u00adden, ein nicht ganz ein\u00adfa\u00adches Unter\u00adfan\u00adgen i\u017ft, bleibt es tat\u017f\u00e4ch\u00adlich bei dem be\u017ft\u00adm\u00f6g\u00adli\u00adchen Ver\u00ad\u017fuch im Rah\u00admen mei\u00adner M\u00f6g\u00adlich\u00adkei\u00adten.<br>Zudem habe ich mich dazu ent\u017fch\u00adlo\u017f\u017fen auf be\u017ftimm\u00adte tech\u00adni\u017fche Vor\u00adz\u00fc\u00adge des For\u00adt\u017fchrit\u00adtes nicht ver\u00adzich\u00adten zu wol\u00adlen, wie zum Bei\u017fpiel einen An\u017fchlu\u017fs an das Welt\u00adnetz.<\/p>\n<p>Mein Anlie\u00adgen i\u017ft es nun, mit Hil\u00adfe die\u017fer Net\u00adz\u017fei\u00adte, mei\u00adne po\u017fi\u00adti\u00adven und nega\u00adti\u00adven Erfah\u00adrun\u00adgen die\u017fes Ver\u00ad\u017fu\u00adches mit Ihnen zu tei\u00adlen bzw. Sie an einem Leben teil\u00adha\u00adben zu la\u017f\u017fen, das nicht dem aktu\u00adel\u00adlen Durch\u00ad\u017fchnitt ent\u017fpricht. Ich hof\u00adfe, mei\u00adne Bei\u00adtr\u00e4\u00adge gefal\u00adlen und unter\u00adhal\u00adten Sie auf ange\u00adneh\u00adme Wei\u017fe.<\/p>\n\n\n\n\n\n<h3 class=\"wp-block-heading\"><br>Stellungnahme zu politi\u017fchen und \u017fozialen An\u017fichten<\/h3>\n\n\n\n<p>Ich m\u00f6ch\u00adte aus\u00addr\u00fcck\u00adlich dar\u00adauf hin\u00adwei\u017fen, da\u00df ich trotz mei\u00adnem gro\u00ad\u00dfen Inte\u00adre\u017f\u017fe f\u00fcr das Zeit\u00adal\u00adter um 1900<br>n i c h t&nbsp; mit den zu die\u00adser Zeit vor\u00adher\u00adr\u017fchen\u00adden poli\u00adti\u017fchen und di\u017f\u00adkri\u00admi\u00adnie\u00adren\u00adden An\u017fich\u00adten kon\u00adform gehe; fer\u00adner bin ich mir durch\u00adaus bewu\u017f\u017ft, da\u00df nicht alles po\u017fi\u00adtiv war und m\u00f6ch\u00adte auch kei\u00adne roman\u00adti\u017fie\u00adren\u00adde Sicht der Din\u00adge ver\u00admit\u00adteln. Viel\u00admehr m\u00f6ch\u00adte ich an die dama\u00adli\u00adge, hoch\u00adqua\u00adli\u00adta\u00adti\u00adve Hand\u00adwerks\u00adkun\u00ad\u017ft, an das erfin\u00adde\u00adri\u017fche Schal\u00adten und Wal\u00adten im Hau\u017fe ohne die heu\u00adti\u00adgen tech\u00adni\u017fchen Annehm\u00adlich\u00adkei\u00adten,&nbsp; und an das Auge f\u00fcr alles Sch\u00f6\u00adne und Be\u017fon\u00adde\u00adre in All\u00adtag und der Kun\u00ad\u017ft erin\u00adnern, dies wei\u00adter\u00adle\u00adben la\u017f\u017fen und Din\u00adge auf\u00adzeich\u00adnen, die \u017fonst even\u00adtu\u00adell in Ver\u00adge\u017f\u017fen\u00adheit gera\u00adten k\u00f6nn\u00adten oder bereits \u017find.<\/p>\n<h3 class=\"wp-block-heading\"><br>Zu\u017ftand der Netzpr\u00e4\u017fenz<\/h3>\n<p>\n\n<\/p>\n<p>Ich arbei\u00adte unent\u00adwegt an der Ver\u00adbe\u017f\u017fe\u00adrung und Erwei\u00adte\u00adrung des Wochen\u00adblat\u00adtes, bit\u00adte \u017fehen Sie es mir nach, \u017foll\u00adte der eine oder ande\u00adren Bereich zeit\u00adwei\u017fe nicht erreich\u00adbar \u017fein oder fal\u017fch dar\u00adge\u017ftellt wer\u00adden.<br>Fer\u00adner bit\u00adte ich erge\u00adben\u017ft um Nach\u017ficht \u2014 \u017foll\u00adten Sie Ortho\u00adgra\u00adphie- oder ande\u00adre Feh\u00adler auf fol\u00adgen\u00adden Sei\u00adten ent\u00addecken, w\u00fcr\u00adde ich mich \u00fcber das Anzei\u00adgen der\u017fel\u00adben per <a href=\"http:\/\/urholstein.de\/gaestebuch\/\">Le\u017fer\u00adbrief<\/a> \u017fehr freu\u00aden.<\/p>\n<p><img loading=\"lazy\" decoding=\"async\" class=\"size-full wp-image-11 alignleft\" src=\"https:\/\/urholstein.de\/2025\/wp-content\/uploads\/2025\/12\/divider2-150x28-1.png\" alt width=\"150\" height=\"28\"><\/p>\n<p>&nbsp;<\/p>\n<p>Ich hof\u00adfe, das St\u00f6\u00adbern auf mei\u00adner Netz\u00adpr\u00e4\u017fenz berei\u00adtet Ihnen viel Freu\u00adde.<\/p>\n\n\n\n<p>Hoch\u00adach\u00adtungs\u00advoll<br>Ihre Redak\u00adti\u00adon \u2014 Chri\u017fti\u00adne von Mesek-Sikor\u00adski<\/p>\n","protected":false},"excerpt":{"rendered":"Erge\u00adbe\u00adnen Gru\u00df an mei\u00adne treue und ju\u017ft dazu\u00adge\u017fto\u00ad\u00dfe\u00adne Le\u017fer\u017fchaft! Ich m\u00f6ch\u00adte Sie gn\u00e4\u00addi\u00adg\u017ft Will\u00adkom\u00admen hei\u00ad\u00dfen beim Urhol\u017ftein Wochen\u00adblatt, wel\u00adches bereits&nbsp;im Jah\u00adre 2014 er\u017ft\u00adma\u00adlig ins inter\u00adna\u00adtio\u00adna\u00adle Netz ging.Es \u017foll Ihnen ein Quell der Infor\u00adma\u00adti\u00adon und Unter\u00adhal\u00adtung \u017fein, wel\u00adches das Leben um 1860\u20131900 zum Haupt\u00adthe\u00adma hat.Ent\u017ftan\u00adden aus einer jahr\u00adzehn\u00adte\u00adlan\u00adgen Lei\u00adden\u017fchaft, die mit dem Sam\u00admeln anti\u00adqua\u00adri\u017fcher B\u00fccher begann,<a href=\"https:\/\/urholstein.de\/index.php\/auskunft-und-redaktion\/\"> \u2248wei\u00adter\u00adle\u017fen\u2248 <\/a>","protected":false},"author":1,"featured_media":0,"parent":0,"menu_order":0,"comment_status":"closed","ping_status":"closed","template":"","meta":{"wp_typography_post_enhancements_disabled":false,"footnotes":""},"class_list":["post-8","page","type-page","status-publish","hentry"],"yoast_head":"<!-- This site is optimized with the Yoast SEO plugin v26.6 - https:\/\/yoast.com\/wordpress\/plugins\/seo\/ -->\n<title>Auskunft und Redaktion - Urhol\u017ftein Wochenblatt<\/title>\n<meta name=\"robots\" content=\"index, follow, max-snippet:-1, max-image-preview:large, max-video-preview:-1\" \/>\n<link rel=\"canonical\" href=\"https:\/\/urholstein.de\/index.php\/auskunft-und-redaktion\/\" \/>\n<meta property=\"og:locale\" content=\"de_DE\" \/>\n<meta property=\"og:type\" content=\"article\" \/>\n<meta property=\"og:title\" content=\"Auskunft und Redaktion - Urhol\u017ftein Wochenblatt\" \/>\n<meta property=\"og:description\" content=\"Ergebenen Gru\u00df an meine treue und ju\u017ft dazuge\u017fto\u00dfene Le\u017fer\u017fchaft! Ich m\u00f6ch\u00adte Sie gn\u00e4\u00addi\u00adg\u017ft Will\u00adkom\u00admen hei\u00ad\u00dfen beim Urhol\u017ftein Wochen\u00adblatt, wel\u00adches bereits&nbsp;im Jah\u00adre 2014 er\u017ft\u00adma\u00adlig ins inter\u00adna\u00adtio\u00adna\u00adle Netz ging.Es \u017foll Ihnen ein Quell der Infor\u00adma\u00adti\u00adon und Unter\u00adhal\u00adtung \u017fein, wel\u00adches das Leben um 1860\u20131900 zum Haupt\u00adthe\u00adma hat.Ent\u017ftan\u00adden aus einer jahr\u00adzehn\u00adte\u00adlan\u00adgen Lei\u00adden\u017fchaft, die mit dem Sam\u00admeln anti\u00adqua\u00adri\u017fcher B\u00fccher begann,\" \/>\n<meta property=\"og:url\" content=\"https:\/\/urholstein.de\/index.php\/auskunft-und-redaktion\/\" \/>\n<meta property=\"og:site_name\" content=\"Urhol\u017ftein Wochenblatt\" \/>\n<meta property=\"og:image\" content=\"https:\/\/urholstein.de\/wp-content\/uploads\/2025\/12\/divider2-150x28-1.png\" \/>\n\t<meta property=\"og:image:width\" content=\"150\" \/>\n\t<meta property=\"og:image:height\" content=\"28\" \/>\n\t<meta property=\"og:image:type\" content=\"image\/png\" \/>\n<meta name=\"twitter:card\" content=\"summary_large_image\" \/>\n<meta name=\"twitter:label1\" content=\"Gesch\u00e4tzte Lesezeit\" \/>\n\t<meta name=\"twitter:data1\" content=\"3 minutes\" \/>\n<script type=\"application\/ld+json\" class=\"yoast-schema-graph\">{\"@context\":\"https:\/\/schema.org\",\"@graph\":[{\"@type\":\"WebPage\",\"@id\":\"https:\/\/urholstein.de\/index.php\/auskunft-und-redaktion\/\",\"url\":\"https:\/\/urholstein.de\/index.php\/auskunft-und-redaktion\/\",\"name\":\"Auskunft und Redaktion - Urhol\u017ftein Wochenblatt\",\"isPartOf\":{\"@id\":\"https:\/\/urholstein.de\/#website\"},\"primaryImageOfPage\":{\"@id\":\"https:\/\/urholstein.de\/index.php\/auskunft-und-redaktion\/#primaryimage\"},\"image\":{\"@id\":\"https:\/\/urholstein.de\/index.php\/auskunft-und-redaktion\/#primaryimage\"},\"thumbnailUrl\":\"https:\/\/urholstein.de\/2025\/wp-content\/uploads\/2025\/12\/divider2-150x28-1.png\",\"datePublished\":\"2025-12-21T16:52:59+00:00\",\"breadcrumb\":{\"@id\":\"https:\/\/urholstein.de\/index.php\/auskunft-und-redaktion\/#breadcrumb\"},\"inLanguage\":\"de-UW\",\"potentialAction\":[{\"@type\":\"ReadAction\",\"target\":[\"https:\/\/urholstein.de\/index.php\/auskunft-und-redaktion\/\"]}]},{\"@type\":\"ImageObject\",\"inLanguage\":\"de-UW\",\"@id\":\"https:\/\/urholstein.de\/index.php\/auskunft-und-redaktion\/#primaryimage\",\"url\":\"https:\/\/urholstein.de\/wp-content\/uploads\/2025\/12\/divider2-150x28-1.png\",\"contentUrl\":\"https:\/\/urholstein.de\/wp-content\/uploads\/2025\/12\/divider2-150x28-1.png\",\"width\":150,\"height\":28},{\"@type\":\"BreadcrumbList\",\"@id\":\"https:\/\/urholstein.de\/index.php\/auskunft-und-redaktion\/#breadcrumb\",\"itemListElement\":[{\"@type\":\"ListItem\",\"position\":1,\"name\":\"Urholstein\",\"item\":\"https:\/\/urholstein.de\/\"},{\"@type\":\"ListItem\",\"position\":2,\"name\":\"Auskunft und Redaktion\"}]},{\"@type\":\"WebSite\",\"@id\":\"https:\/\/urholstein.de\/#website\",\"url\":\"https:\/\/urholstein.de\/\",\"name\":\"Urhol\u017ftein Wochenblatt\",\"description\":\"\",\"potentialAction\":[{\"@type\":\"SearchAction\",\"target\":{\"@type\":\"EntryPoint\",\"urlTemplate\":\"https:\/\/urholstein.de\/?s={search_term_string}\"},\"query-input\":{\"@type\":\"PropertyValueSpecification\",\"valueRequired\":true,\"valueName\":\"search_term_string\"}}],\"inLanguage\":\"de-UW\"}]}<\/script>\n<!-- \/ Yoast SEO plugin. -->","yoast_head_json":{"title":"Auskunft und Redaktion - Urhol\u017ftein Wochenblatt","robots":{"index":"index","follow":"follow","max-snippet":"max-snippet:-1","max-image-preview":"max-image-preview:large","max-video-preview":"max-video-preview:-1"},"canonical":"https:\/\/urholstein.de\/index.php\/auskunft-und-redaktion\/","og_locale":"de_DE","og_type":"article","og_title":"Auskunft und Redaktion - Urhol\u017ftein Wochenblatt","og_description":"Ergebenen Gru\u00df an meine treue und ju\u017ft dazuge\u017fto\u00dfene Le\u017fer\u017fchaft! Ich m\u00f6ch\u00adte Sie gn\u00e4\u00addi\u00adg\u017ft Will\u00adkom\u00admen hei\u00ad\u00dfen beim Urhol\u017ftein Wochen\u00adblatt, wel\u00adches bereits&nbsp;im Jah\u00adre 2014 er\u017ft\u00adma\u00adlig ins inter\u00adna\u00adtio\u00adna\u00adle Netz ging.Es \u017foll Ihnen ein Quell der Infor\u00adma\u00adti\u00adon und Unter\u00adhal\u00adtung \u017fein, wel\u00adches das Leben um 1860\u20131900 zum Haupt\u00adthe\u00adma hat.Ent\u017ftan\u00adden aus einer jahr\u00adzehn\u00adte\u00adlan\u00adgen Lei\u00adden\u017fchaft, die mit dem Sam\u00admeln anti\u00adqua\u00adri\u017fcher B\u00fccher begann,","og_url":"https:\/\/urholstein.de\/index.php\/auskunft-und-redaktion\/","og_site_name":"Urhol\u017ftein Wochenblatt","og_image":[{"width":150,"height":28,"url":"https:\/\/urholstein.de\/wp-content\/uploads\/2025\/12\/divider2-150x28-1.png","type":"image\/png"}],"twitter_card":"summary_large_image","twitter_misc":{"Gesch\u00e4tzte Lesezeit":"3 minutes"},"schema":{"@context":"https:\/\/schema.org","@graph":[{"@type":"WebPage","@id":"https:\/\/urholstein.de\/index.php\/auskunft-und-redaktion\/","url":"https:\/\/urholstein.de\/index.php\/auskunft-und-redaktion\/","name":"Auskunft und Redaktion - Urhol\u017ftein Wochenblatt","isPartOf":{"@id":"https:\/\/urholstein.de\/#website"},"primaryImageOfPage":{"@id":"https:\/\/urholstein.de\/index.php\/auskunft-und-redaktion\/#primaryimage"},"image":{"@id":"https:\/\/urholstein.de\/index.php\/auskunft-und-redaktion\/#primaryimage"},"thumbnailUrl":"https:\/\/urholstein.de\/2025\/wp-content\/uploads\/2025\/12\/divider2-150x28-1.png","datePublished":"2025-12-21T16:52:59+00:00","breadcrumb":{"@id":"https:\/\/urholstein.de\/index.php\/auskunft-und-redaktion\/#breadcrumb"},"inLanguage":"de-UW","potentialAction":[{"@type":"ReadAction","target":["https:\/\/urholstein.de\/index.php\/auskunft-und-redaktion\/"]}]},{"@type":"ImageObject","inLanguage":"de-UW","@id":"https:\/\/urholstein.de\/index.php\/auskunft-und-redaktion\/#primaryimage","url":"https:\/\/urholstein.de\/wp-content\/uploads\/2025\/12\/divider2-150x28-1.png","contentUrl":"https:\/\/urholstein.de\/wp-content\/uploads\/2025\/12\/divider2-150x28-1.png","width":150,"height":28},{"@type":"BreadcrumbList","@id":"https:\/\/urholstein.de\/index.php\/auskunft-und-redaktion\/#breadcrumb","itemListElement":[{"@type":"ListItem","position":1,"name":"Urholstein","item":"https:\/\/urholstein.de\/"},{"@type":"ListItem","position":2,"name":"Auskunft und Redaktion"}]},{"@type":"WebSite","@id":"https:\/\/urholstein.de\/#website","url":"https:\/\/urholstein.de\/","name":"Urhol\u017ftein Wochenblatt","description":"","potentialAction":[{"@type":"SearchAction","target":{"@type":"EntryPoint","urlTemplate":"https:\/\/urholstein.de\/?s={search_term_string}"},"query-input":{"@type":"PropertyValueSpecification","valueRequired":true,"valueName":"search_term_string"}}],"inLanguage":"de-UW"}]}},"_links":{"self":[{"href":"https:\/\/urholstein.de\/index.php\/wp-json\/wp\/v2\/pages\/8","targetHints":{"allow":["GET"]}}],"collection":[{"href":"https:\/\/urholstein.de\/index.php\/wp-json\/wp\/v2\/pages"}],"about":[{"href":"https:\/\/urholstein.de\/index.php\/wp-json\/wp\/v2\/types\/page"}],"author":[{"embeddable":true,"href":"https:\/\/urholstein.de\/index.php\/wp-json\/wp\/v2\/users\/1"}],"replies":[{"embeddable":true,"href":"https:\/\/urholstein.de\/index.php\/wp-json\/wp\/v2\/comments?post=8"}],"version-history":[{"count":0,"href":"https:\/\/urholstein.de\/index.php\/wp-json\/wp\/v2\/pages\/8\/revisions"}],"wp:attachment":[{"href":"https:\/\/urholstein.de\/index.php\/wp-json\/wp\/v2\/media?parent=8"}],"curies":[{"name":"wp","href":"https:\/\/api.w.org\/{rel}","templated":true}]}}